{"id":30603,"date":"2024-12-03T15:33:40","date_gmt":"2024-12-03T14:33:40","guid":{"rendered":"https:\/\/www.x-hoppers.com\/new-home-page\/"},"modified":"2025-12-11T16:21:39","modified_gmt":"2025-12-11T15:21:39","slug":"home-2","status":"publish","type":"page","link":"https:\/\/www.x-hoppers.com\/fr\/","title":{"rendered":"New Home page"},"content":{"rendered":"","protected":false},"excerpt":{"rendered":"","protected":false},"author":16,"featured_media":34476,"parent":0,"menu_order":0,"comment_status":"closed","ping_status":"closed","template":"template-home.php","meta":{"_acf_changed":false,"inline_featured_image":false,"site-sidebar-layout":"no-sidebar","site-content-layout":"page-builder","ast-site-content-layout":"full-width-container","site-content-style":"default","site-sidebar-style":"default","ast-global-header-display":"","ast-banner-title-visibility":"","ast-main-header-display":"","ast-hfb-above-header-display":"","ast-hfb-below-header-display":"","ast-hfb-mobile-header-display":"","site-post-title":"disabled","ast-breadcrumbs-content":"","ast-featured-img":"disabled","footer-sml-layout":"","ast-disable-related-posts":"","theme-transparent-header-meta":"","adv-header-id-meta":"","stick-header-meta":"","header-above-stick-meta":"","header-main-stick-meta":"","header-below-stick-meta":"","astra-migrate-meta-layouts":"set","ast-page-background-enabled":"default","ast-page-background-meta":{"desktop":{"background-color":"var(--ast-global-color-4)","background-image":"","background-repeat":"repeat","background-position":"center center","background-size":"auto","background-attachment":"scroll","background-type":"","background-media":"","overlay-type":"","overlay-color":"","overlay-opacity":"","overlay-gradient":""},"tablet":{"background-color":"","background-image":"","background-repeat":"repeat","background-position":"center center","background-size":"auto","background-attachment":"scroll","background-type":"","background-media":"","overlay-type":"","overlay-color":"","overlay-opacity":"","overlay-gradient":""},"mobile":{"background-color":"","background-image":"","background-repeat":"repeat","background-position":"center center","background-size":"auto","background-attachment":"scroll","background-type":"","background-media":"","overlay-type":"","overlay-color":"","overlay-opacity":"","overlay-gradient":""}},"ast-content-background-meta":{"desktop":{"background-color":"var(--ast-global-color-5)","background-image":"","background-repeat":"repeat","background-position":"center center","background-size":"auto","background-attachment":"scroll","background-type":"","background-media":"","overlay-type":"","overlay-color":"","overlay-opacity":"","overlay-gradient":""},"tablet":{"background-color":"var(--ast-global-color-5)","background-image":"","background-repeat":"repeat","background-position":"center center","background-size":"auto","background-attachment":"scroll","background-type":"","background-media":"","overlay-type":"","overlay-color":"","overlay-opacity":"","overlay-gradient":""},"mobile":{"background-color":"var(--ast-global-color-5)","background-image":"","background-repeat":"repeat","background-position":"center center","background-size":"auto","background-attachment":"scroll","background-type":"","background-media":"","overlay-type":"","overlay-color":"","overlay-opacity":"","overlay-gradient":""}},"footnotes":""},"class_list":["post-30603","page","type-page","status-publish","has-post-thumbnail","hentry"],"acf":[],"yoast_head":"<!-- This site is optimized with the Yoast SEO plugin v27.0 - https:\/\/yoast.com\/product\/yoast-seo-wordpress\/ -->\n<title>Syst\u00e8me de Casque Pour la Vente au D\u00e9tail et Solution Analytique\u00a0| x\u2011hoppers<\/title>\n<meta name=\"description\" content=\"Augmentez l&#039;efficacit\u00e9 de vos ventes en am\u00e9liorant vos communications en magasin et vos donn\u00e9es d&#039;analyse, avec le syst\u00e8me de casques retail de Wildix.\" \/>\n<meta name=\"robots\" content=\"index, nofollow, max-snippet:-1, max-image-preview:large, max-video-preview:-1\" \/>\n<link rel=\"canonical\" href=\"https:\/\/www.x-hoppers.com\/fr\/\" \/>\n<meta property=\"og:locale\" content=\"fr_FR\" \/>\n<meta property=\"og:type\" content=\"article\" \/>\n<meta property=\"og:title\" content=\"Syst\u00e8me de Casque Pour la Vente au D\u00e9tail et Solution Analytique\u00a0| x\u2011hoppers\" \/>\n<meta property=\"og:description\" content=\"Augmentez l&#039;efficacit\u00e9 de vos ventes en am\u00e9liorant vos communications en magasin et vos donn\u00e9es d&#039;analyse, avec le syst\u00e8me de casques retail de Wildix.\" \/>\n<meta property=\"og:url\" content=\"https:\/\/www.x-hoppers.com\/fr\/\" \/>\n<meta property=\"og:site_name\" content=\"x-hoppers\" \/>\n<meta property=\"article:modified_time\" content=\"2025-12-11T15:21:39+00:00\" \/>\n<meta property=\"og:image\" content=\"https:\/\/www.x-hoppers.com\/wp-content\/uploads\/2025\/01\/x-hoppers-FRA.webp\" \/>\n\t<meta property=\"og:image:width\" content=\"1200\" \/>\n\t<meta property=\"og:image:height\" content=\"630\" \/>\n\t<meta property=\"og:image:type\" content=\"image\/webp\" \/>\n<meta name=\"twitter:card\" content=\"summary_large_image\" \/>\n<!-- \/ Yoast SEO plugin. -->","yoast_head_json":{"title":"Syst\u00e8me de Casque Pour la Vente au D\u00e9tail et Solution Analytique\u00a0| x\u2011hoppers","description":"Augmentez l'efficacit\u00e9 de vos ventes en am\u00e9liorant vos communications en magasin et vos donn\u00e9es d'analyse, avec le syst\u00e8me de casques retail de Wildix.","robots":{"index":"index","follow":"nofollow","max-snippet":"max-snippet:-1","max-image-preview":"max-image-preview:large","max-video-preview":"max-video-preview:-1"},"canonical":"https:\/\/www.x-hoppers.com\/fr\/","og_locale":"fr_FR","og_type":"article","og_title":"Syst\u00e8me de Casque Pour la Vente au D\u00e9tail et Solution Analytique\u00a0| x\u2011hoppers","og_description":"Augmentez l'efficacit\u00e9 de vos ventes en am\u00e9liorant vos communications en magasin et vos donn\u00e9es d'analyse, avec le syst\u00e8me de casques retail de Wildix.","og_url":"https:\/\/www.x-hoppers.com\/fr\/","og_site_name":"x-hoppers","article_modified_time":"2025-12-11T15:21:39+00:00","og_image":[{"width":1200,"height":630,"url":"https:\/\/www.x-hoppers.com\/wp-content\/uploads\/2025\/01\/x-hoppers-FRA.webp","type":"image\/webp"}],"twitter_card":"summary_large_image","schema":{"@context":"https:\/\/schema.org","@graph":[{"@type":"WebPage","@id":"https:\/\/www.x-hoppers.com\/fr\/","url":"https:\/\/www.x-hoppers.com\/fr\/","name":"Syst\u00e8me de Casque Pour la Vente au D\u00e9tail et Solution Analytique\u00a0| x\u2011hoppers","isPartOf":{"@id":"https:\/\/www.x-hoppers.com\/#website"},"primaryImageOfPage":{"@id":"https:\/\/www.x-hoppers.com\/fr\/#primaryimage"},"image":{"@id":"https:\/\/www.x-hoppers.com\/fr\/#primaryimage"},"thumbnailUrl":"https:\/\/www.x-hoppers.com\/wp-content\/uploads\/2025\/01\/x-hoppers-FRA.webp","datePublished":"2024-12-03T14:33:40+00:00","dateModified":"2025-12-11T15:21:39+00:00","description":"Augmentez l'efficacit\u00e9 de vos ventes en am\u00e9liorant vos communications en magasin et vos donn\u00e9es d'analyse, avec le syst\u00e8me de casques retail de Wildix.","breadcrumb":{"@id":"https:\/\/www.x-hoppers.com\/fr\/#breadcrumb"},"inLanguage":"fr-FR","potentialAction":[{"@type":"ReadAction","target":["https:\/\/www.x-hoppers.com\/fr\/"]}]},{"@type":"ImageObject","inLanguage":"fr-FR","@id":"https:\/\/www.x-hoppers.com\/fr\/#primaryimage","url":"https:\/\/www.x-hoppers.com\/wp-content\/uploads\/2025\/01\/x-hoppers-FRA.webp","contentUrl":"https:\/\/www.x-hoppers.com\/wp-content\/uploads\/2025\/01\/x-hoppers-FRA.webp","width":1200,"height":630,"caption":"x-hoppers FRA"},{"@type":"BreadcrumbList","@id":"https:\/\/www.x-hoppers.com\/fr\/#breadcrumb","itemListElement":[{"@type":"ListItem","position":1,"name":"Home","item":"https:\/\/www.x-hoppers.com\/fr\/"},{"@type":"ListItem","position":2,"name":"New Home page"}]},{"@type":"WebSite","@id":"https:\/\/www.x-hoppers.com\/#website","url":"https:\/\/www.x-hoppers.com\/","name":"x-hoppers","description":"","publisher":{"@id":"https:\/\/www.x-hoppers.com\/#organization"},"potentialAction":[{"@type":"SearchAction","target":{"@type":"EntryPoint","urlTemplate":"https:\/\/www.x-hoppers.com\/?s={search_term_string}"},"query-input":{"@type":"PropertyValueSpecification","valueRequired":true,"valueName":"search_term_string"}}],"inLanguage":"fr-FR"},{"@type":"Organization","@id":"https:\/\/www.x-hoppers.com\/#organization","name":"x-hoppers","url":"https:\/\/www.x-hoppers.com\/","logo":{"@type":"ImageObject","inLanguage":"fr-FR","@id":"https:\/\/www.x-hoppers.com\/#\/schema\/logo\/image\/","url":"https:\/\/www.x-hoppers.com\/wp-content\/uploads\/2023\/05\/x-hoppers-retail-headset-system-big-logo.png","contentUrl":"https:\/\/www.x-hoppers.com\/wp-content\/uploads\/2023\/05\/x-hoppers-retail-headset-system-big-logo.png","width":3509,"height":2481,"caption":"x-hoppers"},"image":{"@id":"https:\/\/www.x-hoppers.com\/#\/schema\/logo\/image\/"}}]}},"_links":{"self":[{"href":"https:\/\/www.x-hoppers.com\/fr\/wp-json\/wp\/v2\/pages\/30603","targetHints":{"allow":["GET"]}}],"collection":[{"href":"https:\/\/www.x-hoppers.com\/fr\/wp-json\/wp\/v2\/pages"}],"about":[{"href":"https:\/\/www.x-hoppers.com\/fr\/wp-json\/wp\/v2\/types\/page"}],"author":[{"embeddable":true,"href":"https:\/\/www.x-hoppers.com\/fr\/wp-json\/wp\/v2\/users\/16"}],"replies":[{"embeddable":true,"href":"https:\/\/www.x-hoppers.com\/fr\/wp-json\/wp\/v2\/comments?post=30603"}],"version-history":[{"count":28,"href":"https:\/\/www.x-hoppers.com\/fr\/wp-json\/wp\/v2\/pages\/30603\/revisions"}],"predecessor-version":[{"id":55876,"href":"https:\/\/www.x-hoppers.com\/fr\/wp-json\/wp\/v2\/pages\/30603\/revisions\/55876"}],"wp:featuredmedia":[{"embeddable":true,"href":"https:\/\/www.x-hoppers.com\/fr\/wp-json\/wp\/v2\/media\/34476"}],"wp:attachment":[{"href":"https:\/\/www.x-hoppers.com\/fr\/wp-json\/wp\/v2\/media?parent=30603"}],"curies":[{"name":"wp","href":"https:\/\/api.w.org\/{rel}","templated":true}]}}